{"id":117,"date":"2023-02-28T19:12:18","date_gmt":"2023-02-28T18:12:18","guid":{"rendered":"http:\/\/mlinformatique.net\/?page_id=117"},"modified":"2023-02-28T19:17:19","modified_gmt":"2023-02-28T18:17:19","slug":"achat","status":"publish","type":"page","link":"https:\/\/mlinformatique.net\/?page_id=117","title":{"rendered":"Achat"},"content":{"rendered":"\n<p><strong>Un achat de pr\u00e9vu , une demande sp\u00e9cifique, des questions avant achat <\/strong><\/p>\n\n\n\n<p><\/p>\n\n\n\n<p>Demandez vos devis via la page <mark style=\"background-color:rgba(0, 0, 0, 0)\" class=\"has-inline-color has-vivid-cyan-blue-color\">Contact<\/mark><\/p>\n\n\n\n<p>MLInformatique fort de son exp\u00e9rience et de son implantation avec multiples fournisseurs est capable de vous proposez tout types de produits \u00e0 des prix en ad\u00e9quation avec le march\u00e9 actuel.<\/p>\n","protected":false},"excerpt":{"rendered":"<p>Un achat de pr\u00e9vu , une demande sp\u00e9cifique, des questions avant achat Demandez vos devis via la page Contact MLInformatique fort de son exp\u00e9rience et de son implantation avec multiples fournisseurs est capable de vous proposez tout types de produits \u00e0 des prix en ad\u00e9quation avec le march\u00e9 actuel.<\/p>\n","protected":false},"author":1,"featured_media":32,"parent":0,"menu_order":0,"comment_status":"closed","ping_status":"closed","template":"","meta":{"footnotes":""},"class_list":["post-117","page","type-page","status-publish","has-post-thumbnail","hentry"],"_links":{"self":[{"href":"https:\/\/mlinformatique.net\/index.php?rest_route=\/wp\/v2\/pages\/117","targetHints":{"allow":["GET"]}}],"collection":[{"href":"https:\/\/mlinformatique.net\/index.php?rest_route=\/wp\/v2\/pages"}],"about":[{"href":"https:\/\/mlinformatique.net\/index.php?rest_route=\/wp\/v2\/types\/page"}],"author":[{"embeddable":true,"href":"https:\/\/mlinformatique.net\/index.php?rest_route=\/wp\/v2\/users\/1"}],"replies":[{"embeddable":true,"href":"https:\/\/mlinformatique.net\/index.php?rest_route=%2Fwp%2Fv2%2Fcomments&post=117"}],"version-history":[{"count":4,"href":"https:\/\/mlinformatique.net\/index.php?rest_route=\/wp\/v2\/pages\/117\/revisions"}],"predecessor-version":[{"id":122,"href":"https:\/\/mlinformatique.net\/index.php?rest_route=\/wp\/v2\/pages\/117\/revisions\/122"}],"wp:featuredmedia":[{"embeddable":true,"href":"https:\/\/mlinformatique.net\/index.php?rest_route=\/wp\/v2\/media\/32"}],"wp:attachment":[{"href":"https:\/\/mlinformatique.net\/index.php?rest_route=%2Fwp%2Fv2%2Fmedia&parent=117"}],"curies":[{"name":"wp","href":"https:\/\/api.w.org\/{rel}","templated":true}]}}