{"id":50,"date":"2017-05-12T08:43:14","date_gmt":"2017-05-12T06:43:14","guid":{"rendered":"http:\/\/mlinformatique.net\/?page_id=50"},"modified":"2019-03-06T08:34:15","modified_gmt":"2019-03-06T07:34:15","slug":"professionnels","status":"publish","type":"page","link":"https:\/\/mlinformatique.net\/?page_id=50","title":{"rendered":"Professionnels"},"content":{"rendered":"\n<p>MLinformatique propose des services correspondant \u00e0 vos besoins.<\/p>\n<p>Administrations, Artisans, TPE\/PME, Associations, Cabinets M\u00e9dicaux&#8230; chacun a ses besoins, ses attentes, MLinformatique s&rsquo;adapte \u00e0 ses clients et vous propose des contrats correspondant \u00e0 vos attentes pour votre plus grande tranquillit\u00e9 <\/p>\n","protected":false},"excerpt":{"rendered":"<p>MLinformatique propose des services correspondant \u00e0 vos besoins. Administrations, Artisans, TPE\/PME, Associations, Cabinets M\u00e9dicaux&#8230; chacun a ses besoins, ses attentes, MLinformatique s&rsquo;adapte \u00e0 ses clients et vous propose des contrats correspondant \u00e0 vos attentes pour votre plus grande tranquillit\u00e9<\/p>\n","protected":false},"author":1,"featured_media":0,"parent":0,"menu_order":0,"comment_status":"closed","ping_status":"closed","template":"","meta":{"footnotes":""},"class_list":["post-50","page","type-page","status-publish","hentry"],"_links":{"self":[{"href":"https:\/\/mlinformatique.net\/index.php?rest_route=\/wp\/v2\/pages\/50","targetHints":{"allow":["GET"]}}],"collection":[{"href":"https:\/\/mlinformatique.net\/index.php?rest_route=\/wp\/v2\/pages"}],"about":[{"href":"https:\/\/mlinformatique.net\/index.php?rest_route=\/wp\/v2\/types\/page"}],"author":[{"embeddable":true,"href":"https:\/\/mlinformatique.net\/index.php?rest_route=\/wp\/v2\/users\/1"}],"replies":[{"embeddable":true,"href":"https:\/\/mlinformatique.net\/index.php?rest_route=%2Fwp%2Fv2%2Fcomments&post=50"}],"version-history":[{"count":3,"href":"https:\/\/mlinformatique.net\/index.php?rest_route=\/wp\/v2\/pages\/50\/revisions"}],"predecessor-version":[{"id":107,"href":"https:\/\/mlinformatique.net\/index.php?rest_route=\/wp\/v2\/pages\/50\/revisions\/107"}],"wp:attachment":[{"href":"https:\/\/mlinformatique.net\/index.php?rest_route=%2Fwp%2Fv2%2Fmedia&parent=50"}],"curies":[{"name":"wp","href":"https:\/\/api.w.org\/{rel}","templated":true}]}}